{"id":215,"date":"2024-07-11T08:05:11","date_gmt":"2024-07-11T05:05:11","guid":{"rendered":"https:\/\/tuker.app\/terms-conditions\/"},"modified":"2024-07-13T19:28:52","modified_gmt":"2024-07-13T16:28:52","slug":"terms-conditions","status":"publish","type":"page","link":"https:\/\/tuker.app\/et\/terms-conditions\/","title":{"rendered":"Kasutustingimused"},"content":{"rendered":"<p><strong>\u00dcldsatted<\/strong><\/p>\n<p>Tuker Teenuse kasutamisel n\u00f5ustute k\u00f5nealuste Kasutustingimustega (\u201eKasutustingimused\u201d). Palun lugege allj\u00e4rgnevad Kasutustingimused enne Tuker Teenuse kasutamist hoolikalt l\u00e4bi. Kui te Kasutustingimustega ei n\u00f5ustu, siis palun \u00e4rge kasutage Tuker Teenust.Tuker rakendus (edaspidi teenus) on jootraha andmist vahendav lahendus, mida opereerib ettev\u00f5te Tuker Technology O\u00dc (reg nr 14990905) (edaspidi Tuker).<\/p>\n<p>&nbsp;<\/p>\n<p><strong>M\u00f5isted<\/strong><\/p>\n<p>1. Partner on era- v\u00f5i juriidiline isik, kes v\u00f5tab vastu jootraha kasutades Tuker teenust.<\/p>\n<p>2. Klient on era- v\u00f5i juriidiline isik, kes kasutab Tuker teenust jootraha andmiseks Partnerile.<\/p>\n<p>3. Teenus on lahenduse kasutamiseks loodud veebiteenus v\u00f5i lahenduse kasutamist v\u00f5imaldav veebileht.<\/p>\n<p>&nbsp;<\/p>\n<p><strong>Teenustasud<\/strong><\/p>\n<p>1. Tuker v\u00f5tab jootraha vahendamise eest teenustasu 10%, mis arvestatakse maha Partneri j\u00f5udvast summast.<\/p>\n<p>2. Kliendil on v\u00f5imalus tasuda vahendustasu 10% Partneri eest.<\/p>\n<p>3. Partner ei teosta Kliendile jootraha osalisi ega t\u00e4ielikke tagastusi mitte \u00fchelgi viisil.<\/p>\n<p>&nbsp;<\/p>\n<p><strong>Kinnitused<\/strong><\/p>\n<p>Lahendusse sisenemisega j\u00f5ustub siduv kokkulepe Tuker ja Partneri vahel. Partner annab Teenuse kasutamisega allj\u00e4rgnevad tagasiv\u00f5tmatud kinnitused:<\/p>\n<p>1. On hoolikalt lugenud, aru saanud ja n\u00f5ustub k\u00f5ikide Teenuse kasutustingimustega.<\/p>\n<p>2. N\u00f5ustub Teenuse kasutustingimustega igakordsel kasutamisel ja kohustub neid j\u00e4rgima.<\/p>\n<p>3. On teadlik, et Tuker ei edasta Kliendi ja Partneri kohta andmeid kolmandatele isikutele, v\u00e4lja arvatud juhul, kui vastav kohustus tuleneb Eesti Vabariigi kehtivast \u00f5igusaktist.<\/p>\n<p>4. Mis tahes Teenusega seotud vaidlused lahendatakse kokkuleppe mitte saavutamise korral Tartu Maakohtus Eesti Vabariigi kehtivate \u00f5igusaktide alusel.<\/p>\n<p>&nbsp;<\/p>\n<p><strong>Kuidas lahendus t\u00f6\u00f6tab?<\/strong><\/p>\n<p>1. Partner loob endale konto ja tellib endale reklaammaterjali iseseisvalt v\u00f5i l\u00e4bi tuker.ee keskkonna.<\/p>\n<p>2. Partner edastab oma rekvisiitidega\/NFC kiibiga\/QR koodiga reklaami materjali Kliendile oma teenuse osutamisel.<\/p>\n<p>3. Klient omal soovil j\u00e4tab Partnerile jootraha kasutades rekvisiite\/NFC kiipi\/QR koodi.<\/p>\n<p>4. Partner n\u00e4eb oma jootraha seisu tuker.ee keskkonnas.<\/p>\n<p>5. Kliendile makstakse eelmise n\u00e4dala jootraha v\u00e4lja iga n\u00e4dal, hiljemalt kolmap\u00e4evaks (edaspidi V\u00e4ljamakse) Tuker LHV pangas asuvalt kontolt.<\/p>\n<p>&nbsp;<\/p>\n<p><strong>Teenuse tingimused<\/strong><\/p>\n<p>1. Jootrahamakse suuruseks \u00fche Kliendi kohta on 100 \u20ac korraga.<\/p>\n<p>2. Partner v\u00f5ib jootrahamakseid vastu v\u00f5tta piiramatus koguses.<\/p>\n<p>3. Tuker \u00a0teostab jootrahamakseid k\u00f5ikide pankade pangakontodele v\u00e4lja arvatud juhul kui v\u00e4ljamaksete teostamine on takistatud tulenevalt mistahes Tukerist s\u00f5ltumatutest asjaoludest.<\/p>\n<p>4. Tuker on vastutav vaid v\u00e4ljamakse p\u00e4eva eest ning ei vastuta makse saabumise kuup\u00e4eva eest.<\/p>\n<p>5. V\u00e4ljamaksed teostatakse kohalikus valuutas.<\/p>\n<p>6. V\u00e4ljapool SEPA tsooni (Single Euro Payments Area ehk \u00fchtne euromaksete piirkond) tasub \u00fclekande kulud Partner.<\/p>\n<p>7. \u00dclekande teostamiseks v\u00f5ib Tuker \u00a0k\u00fcsida Partneril t\u00e4iendavaid isikuandmeid, mis on vajalikud pangale \u00fclekande sooritamiseks.<\/p>\n<p>8. Tuker ei vastuta Partneri poolt sisestatud vale kontonumbri eksimusest tulenevate probleemide eest.<\/p>\n<p>&nbsp;<\/p>\n<p><strong>Turvalisus<\/strong><\/p>\n<p>Andmete turvalisus on meie jaoks k\u00f5ige t\u00e4htsam. Me kasutame n\u00fc\u00fcdisaja tehnoloogiat ja t\u00f6\u00f6v\u00f5tteid, et neid kaitsta. Me kasutame kr\u00fcpteeritud andmeside\u00fchendust, et tagada kliendi ja veebirakenduse vahel turvalisem infovahetus.<\/p>\n<p>Tukerit kasutades:<\/p>\n<p>1. \u00c4ra kasuta Tuker keskkonda avalikes arvutites, mille turvalisuses ei ole sa kindel. Avalikus kohas veendu, et keegi ei n\u00e4e Sinu ekraani ja Sinu toiminguid.<\/p>\n<p>2. Tukeri lehele sisenedes veenduge, et tegemist ei ole fishinguga. Tuker lehe domeen on alati tuker.ee v\u00f5i app.tuker.ee. Me ei kasuta teisi domeene.<\/p>\n<p>3. V\u00e4ltige Tukeri kasutamist l\u00e4bi avalikes WIFI \u00fchendusi, milles Sa pole kindel.<\/p>\n<p>&nbsp;<\/p>\n<p><strong>Intellektuaalomandi \u00f5igused<\/strong><\/p>\n<p>K\u00f5ik Tukeri Teenuse v\u00f5i sellega seotud Intellektuaalomandi \u00f5igused, asjakohased dokumendid ning k\u00f5ik selle osad ja eksemplarid kuuluvad Tukeri ja\/v\u00f5i selle allt\u00f6\u00f6v\u00f5tjate\/litsentsiandjate ainuomandisse ning neil on nende kasutamiseks ainu\u00f5igus.<\/p>\n<p>\u201eIntellektuaalomandi \u00f5igused\u201d t\u00e4hendavad autori\u00f5igust ja sellega seonduvaid \u00f5igusi (sealhulgas andmebaasi, kataloogi ja pildimaterjali kasutamise \u00f5igusi), patente, kasulikke mudeleid, disaini\u00f5igusi, kaubam\u00e4rke, \u00e4rinimesid, \u00e4risaladusi, oskusteavet ja teisi registreeritud v\u00f5i registreerimata intellektuaalomandi \u00f5igusi.<\/p>\n<p>K\u00f5ik \u00f5igused, mida ei ole siinsetes tingimustes selges\u00f5naliselt antud, kuuluvad Tukerile ja tema allt\u00f6\u00f6v\u00f5tjatele\/litsentsiandjatele.<\/p>\n","protected":false},"excerpt":{"rendered":"<p>\u00dcldsatted Tuker Teenuse kasutamisel n\u00f5ustute k\u00f5nealuste Kasutustingimustega (\u201eKasutustingimused\u201d). Palun lugege allj\u00e4rgnevad Kasutustingimused enne Tuker Teenuse kasutamist hoolikalt l\u00e4bi. Kui te Kasutustingimustega ei n\u00f5ustu, siis palun \u00e4rge kasutage Tuker Teenust.Tuker rakendus (edaspidi teenus) on jootraha andmist vahendav lahendus, mida opereerib ettev\u00f5te Tuker Technology O\u00dc (reg nr 14990905) (edaspidi Tuker). &nbsp; M\u00f5isted 1. Partner on era- v\u00f5i [&hellip;]<\/p>\n","protected":false},"author":1,"featured_media":0,"parent":0,"menu_order":0,"comment_status":"closed","ping_status":"closed","template":"","meta":{"_acf_changed":false,"footnotes":""},"acf":[],"yoast_head":"<!-- This site is optimized with the Yoast SEO plugin v23.1 - https:\/\/yoast.com\/wordpress\/plugins\/seo\/ -->\n<title>Kasutustingimused - Tuker<\/title>\n<meta name=\"robots\" content=\"index, follow, max-snippet:-1, max-image-preview:large, max-video-preview:-1\" \/>\n<link rel=\"canonical\" href=\"https:\/\/tuker.app\/et\/terms-conditions\/\" \/>\n<meta property=\"og:locale\" content=\"et_EE\" \/>\n<meta property=\"og:type\" content=\"article\" \/>\n<meta property=\"og:title\" content=\"Kasutustingimused - Tuker\" \/>\n<meta property=\"og:description\" content=\"\u00dcldsatted Tuker Teenuse kasutamisel n\u00f5ustute k\u00f5nealuste Kasutustingimustega (\u201eKasutustingimused\u201d). Palun lugege allj\u00e4rgnevad Kasutustingimused enne Tuker Teenuse kasutamist hoolikalt l\u00e4bi. Kui te Kasutustingimustega ei n\u00f5ustu, siis palun \u00e4rge kasutage Tuker Teenust.Tuker rakendus (edaspidi teenus) on jootraha andmist vahendav lahendus, mida opereerib ettev\u00f5te Tuker Technology O\u00dc (reg nr 14990905) (edaspidi Tuker). &nbsp; M\u00f5isted 1. Partner on era- v\u00f5i [&hellip;]\" \/>\n<meta property=\"og:url\" content=\"https:\/\/tuker.app\/et\/terms-conditions\/\" \/>\n<meta property=\"og:site_name\" content=\"Tuker\" \/>\n<meta property=\"article:modified_time\" content=\"2024-07-13T16:28:52+00:00\" \/>\n<meta name=\"twitter:card\" content=\"summary_large_image\" \/>\n<meta name=\"twitter:label1\" content=\"Est. reading time\" \/>\n\t<meta name=\"twitter:data1\" content=\"3 minutit\" \/>\n<script type=\"application\/ld+json\" class=\"yoast-schema-graph\">{\"@context\":\"https:\/\/schema.org\",\"@graph\":[{\"@type\":\"WebPage\",\"@id\":\"https:\/\/tuker.app\/et\/terms-conditions\/\",\"url\":\"https:\/\/tuker.app\/et\/terms-conditions\/\",\"name\":\"Kasutustingimused - Tuker\",\"isPartOf\":{\"@id\":\"https:\/\/tuker.app\/#website\"},\"datePublished\":\"2024-07-11T05:05:11+00:00\",\"dateModified\":\"2024-07-13T16:28:52+00:00\",\"breadcrumb\":{\"@id\":\"https:\/\/tuker.app\/et\/terms-conditions\/#breadcrumb\"},\"inLanguage\":\"et\",\"potentialAction\":[{\"@type\":\"ReadAction\",\"target\":[\"https:\/\/tuker.app\/et\/terms-conditions\/\"]}]},{\"@type\":\"BreadcrumbList\",\"@id\":\"https:\/\/tuker.app\/et\/terms-conditions\/#breadcrumb\",\"itemListElement\":[{\"@type\":\"ListItem\",\"position\":1,\"name\":\"Home\",\"item\":\"https:\/\/tuker.app\/\"},{\"@type\":\"ListItem\",\"position\":2,\"name\":\"Kasutustingimused\"}]},{\"@type\":\"WebSite\",\"@id\":\"https:\/\/tuker.app\/#website\",\"url\":\"https:\/\/tuker.app\/\",\"name\":\"Tuker\",\"description\":\"Cashless Tipping Solutions\",\"potentialAction\":[{\"@type\":\"SearchAction\",\"target\":{\"@type\":\"EntryPoint\",\"urlTemplate\":\"https:\/\/tuker.app\/?s={search_term_string}\"},\"query-input\":\"required name=search_term_string\"}],\"inLanguage\":\"et\"}]}<\/script>\n<!-- \/ Yoast SEO plugin. -->","yoast_head_json":{"title":"Kasutustingimused - Tuker","robots":{"index":"index","follow":"follow","max-snippet":"max-snippet:-1","max-image-preview":"max-image-preview:large","max-video-preview":"max-video-preview:-1"},"canonical":"https:\/\/tuker.app\/et\/terms-conditions\/","og_locale":"et_EE","og_type":"article","og_title":"Kasutustingimused - Tuker","og_description":"\u00dcldsatted Tuker Teenuse kasutamisel n\u00f5ustute k\u00f5nealuste Kasutustingimustega (\u201eKasutustingimused\u201d). Palun lugege allj\u00e4rgnevad Kasutustingimused enne Tuker Teenuse kasutamist hoolikalt l\u00e4bi. Kui te Kasutustingimustega ei n\u00f5ustu, siis palun \u00e4rge kasutage Tuker Teenust.Tuker rakendus (edaspidi teenus) on jootraha andmist vahendav lahendus, mida opereerib ettev\u00f5te Tuker Technology O\u00dc (reg nr 14990905) (edaspidi Tuker). &nbsp; M\u00f5isted 1. Partner on era- v\u00f5i [&hellip;]","og_url":"https:\/\/tuker.app\/et\/terms-conditions\/","og_site_name":"Tuker","article_modified_time":"2024-07-13T16:28:52+00:00","twitter_card":"summary_large_image","twitter_misc":{"Est. reading time":"3 minutit"},"schema":{"@context":"https:\/\/schema.org","@graph":[{"@type":"WebPage","@id":"https:\/\/tuker.app\/et\/terms-conditions\/","url":"https:\/\/tuker.app\/et\/terms-conditions\/","name":"Kasutustingimused - Tuker","isPartOf":{"@id":"https:\/\/tuker.app\/#website"},"datePublished":"2024-07-11T05:05:11+00:00","dateModified":"2024-07-13T16:28:52+00:00","breadcrumb":{"@id":"https:\/\/tuker.app\/et\/terms-conditions\/#breadcrumb"},"inLanguage":"et","potentialAction":[{"@type":"ReadAction","target":["https:\/\/tuker.app\/et\/terms-conditions\/"]}]},{"@type":"BreadcrumbList","@id":"https:\/\/tuker.app\/et\/terms-conditions\/#breadcrumb","itemListElement":[{"@type":"ListItem","position":1,"name":"Home","item":"https:\/\/tuker.app\/"},{"@type":"ListItem","position":2,"name":"Kasutustingimused"}]},{"@type":"WebSite","@id":"https:\/\/tuker.app\/#website","url":"https:\/\/tuker.app\/","name":"Tuker","description":"Cashless Tipping Solutions","potentialAction":[{"@type":"SearchAction","target":{"@type":"EntryPoint","urlTemplate":"https:\/\/tuker.app\/?s={search_term_string}"},"query-input":"required name=search_term_string"}],"inLanguage":"et"}]}},"_links":{"self":[{"href":"https:\/\/tuker.app\/et\/wp-json\/wp\/v2\/pages\/215"}],"collection":[{"href":"https:\/\/tuker.app\/et\/wp-json\/wp\/v2\/pages"}],"about":[{"href":"https:\/\/tuker.app\/et\/wp-json\/wp\/v2\/types\/page"}],"author":[{"embeddable":true,"href":"https:\/\/tuker.app\/et\/wp-json\/wp\/v2\/users\/1"}],"replies":[{"embeddable":true,"href":"https:\/\/tuker.app\/et\/wp-json\/wp\/v2\/comments?post=215"}],"version-history":[{"count":1,"href":"https:\/\/tuker.app\/et\/wp-json\/wp\/v2\/pages\/215\/revisions"}],"predecessor-version":[{"id":216,"href":"https:\/\/tuker.app\/et\/wp-json\/wp\/v2\/pages\/215\/revisions\/216"}],"wp:attachment":[{"href":"https:\/\/tuker.app\/et\/wp-json\/wp\/v2\/media?parent=215"}],"curies":[{"name":"wp","href":"https:\/\/api.w.org\/{rel}","templated":true}]}}